{"id":4482,"date":"2017-08-22T14:25:23","date_gmt":"2017-08-22T17:25:23","guid":{"rendered":"https:\/\/www.adventurepulv.com.br\/site\/?page_id=4482"},"modified":"2017-10-02T10:20:14","modified_gmt":"2017-10-02T13:20:14","slug":"videos","status":"publish","type":"page","link":"https:\/\/www.adventurepulv.com.br\/site\/videos\/","title":{"rendered":"V\u00eddeos"},"content":{"rendered":"<div class=\"flex_column av_one_full  flex_column_div av-zero-column-padding first  \" style='border-radius:0px; '><p><div style='height:50px' class='hr hr-invisible '><span class='hr-inner ' ><span class='hr-inner-style'><\/span><\/span><\/div><br \/>\n<section class=\"av_textblock_section\"  itemscope=\"itemscope\" itemtype=\"https:\/\/schema.org\/CreativeWork\" ><div class='avia_textblock  av_inherit_color'  style='color:#ed1c24; '  itemprop=\"text\" ><h1 style=\"text-align: center;\">V\u00eddeos<\/h1>\n<\/div><\/section><br \/>\n<section class=\"av_textblock_section\"  itemscope=\"itemscope\" itemtype=\"https:\/\/schema.org\/CreativeWork\" ><div class='avia_textblock '   itemprop=\"text\" ><p>Esta p\u00e1gina contem v\u00eddeos recentemente postados pela ADVENTURE Pulverizadores, fique atento frequentemente novos v\u00eddeos s\u00e3o inseridos nesta p\u00e1gina.<\/p>\n<\/div><\/section><\/p><\/div>\n<div class=\"flex_column av_one_half  flex_column_div av-zero-column-padding first  \" style='border-radius:0px; '><p><section class=\"av_textblock_section\"  itemscope=\"itemscope\" itemtype=\"https:\/\/schema.org\/CreativeWork\" ><div class='avia_textblock '   itemprop=\"text\" ><p><strong>Novo pulverizador Citros 2000 litros<\/strong><\/p>\n<\/div><\/section><br \/>\n<section class=\"avia_codeblock_section avia_code_block_0\"  itemscope=\"itemscope\" itemtype=\"https:\/\/schema.org\/CreativeWork\" ><div class='avia_codeblock '  itemprop=\"text\" > [avia_codeblock_placeholder uid=\"0\"] <\/div><\/section><\/p><\/div><div class=\"flex_column av_one_half  flex_column_div av-zero-column-padding   \" style='border-radius:0px; '><p><section class=\"av_textblock_section\"  itemscope=\"itemscope\" itemtype=\"https:\/\/schema.org\/CreativeWork\" ><div class='avia_textblock '   itemprop=\"text\" ><p><strong>Atomizador 600 Litros Fruticultura \/ Caf\u00e9<\/strong><\/p>\n<\/div><\/section><br \/>\n<section class=\"avia_codeblock_section avia_code_block_1\"  itemscope=\"itemscope\" itemtype=\"https:\/\/schema.org\/CreativeWork\" ><div class='avia_codeblock '  itemprop=\"text\" > [avia_codeblock_placeholder uid=\"1\"] <\/div><\/section><\/p><\/div><div class=\"flex_column av_one_half  flex_column_div av-zero-column-padding first  \" style='border-radius:0px; '><p><section class=\"av_textblock_section\"  itemscope=\"itemscope\" itemtype=\"https:\/\/schema.org\/CreativeWork\" ><div class='avia_textblock '   itemprop=\"text\" ><p><strong>Pulverizador XP Pastagem Pecu\u00e1ria<\/strong><\/p>\n<\/div><\/section><br \/>\n<section class=\"avia_codeblock_section avia_code_block_2\"  itemscope=\"itemscope\" itemtype=\"https:\/\/schema.org\/CreativeWork\" ><div class='avia_codeblock '  itemprop=\"text\" > [avia_codeblock_placeholder uid=\"2\"] <\/div><\/section><\/p><\/div><div class=\"flex_column av_one_half  flex_column_div av-zero-column-padding   \" style='border-radius:0px; '><p><section class=\"av_textblock_section\"  itemscope=\"itemscope\" itemtype=\"https:\/\/schema.org\/CreativeWork\" ><div class='avia_textblock '   itemprop=\"text\" ><p><strong>Atomizador 200 L linha Tornado<\/strong><\/p>\n<\/div><\/section><br \/>\n<section class=\"avia_codeblock_section avia_code_block_3\"  itemscope=\"itemscope\" itemtype=\"https:\/\/schema.org\/CreativeWork\" ><div class='avia_codeblock '  itemprop=\"text\" > [avia_codeblock_placeholder uid=\"3\"] <\/div><\/section><\/p><\/div><div class=\"flex_column av_one_half  flex_column_div av-zero-column-padding first  \" style='border-radius:0px; '><p><section class=\"av_textblock_section\"  itemscope=\"itemscope\" itemtype=\"https:\/\/schema.org\/CreativeWork\" ><div class='avia_textblock '   itemprop=\"text\" ><p><strong>Pulverizador \u00c1guia 600 Liros barra de 12 metros<\/strong><\/p>\n<\/div><\/section><br \/>\n<section class=\"avia_codeblock_section avia_code_block_4\"  itemscope=\"itemscope\" itemtype=\"https:\/\/schema.org\/CreativeWork\" ><div class='avia_codeblock '  itemprop=\"text\" > [avia_codeblock_placeholder uid=\"4\"] <\/div><\/section><\/p><\/div><div class=\"flex_column av_one_half  flex_column_div av-zero-column-padding   \" style='border-radius:0px; '><p><section class=\"av_textblock_section\"  itemscope=\"itemscope\" itemtype=\"https:\/\/schema.org\/CreativeWork\" ><div class='avia_textblock '   itemprop=\"text\" ><p><strong>Atomizador 2000 L F\u00eanix Seringueira<\/strong><\/p>\n<\/div><\/section><br \/>\n<section class=\"avia_codeblock_section avia_code_block_5\"  itemscope=\"itemscope\" itemtype=\"https:\/\/schema.org\/CreativeWork\" ><div class='avia_codeblock '  itemprop=\"text\" > [avia_codeblock_placeholder uid=\"5\"] <\/div><\/section><\/p><\/div><\/p>\n","protected":false},"excerpt":{"rendered":"","protected":false},"author":2,"featured_media":0,"parent":0,"menu_order":0,"comment_status":"closed","ping_status":"closed","template":"","meta":{"_joinchat":[],"footnotes":""},"class_list":["post-4482","page","type-page","status-publish","hentry"],"yoast_head":"<!-- This site is optimized with the Yoast SEO plugin v26.8 - https:\/\/yoast.com\/product\/yoast-seo-wordpress\/ -->\n<title>V\u00eddeos - Adventure Pulverizadores<\/title>\n<meta name=\"robots\" content=\"index, follow, max-snippet:-1, max-image-preview:large, max-video-preview:-1\" \/>\n<link rel=\"canonical\" href=\"https:\/\/www.adventurepulv.com.br\/site\/videos\/\" \/>\n<meta property=\"og:locale\" content=\"pt_BR\" \/>\n<meta property=\"og:type\" content=\"article\" \/>\n<meta property=\"og:title\" content=\"V\u00eddeos - Adventure Pulverizadores\" \/>\n<meta property=\"og:url\" content=\"https:\/\/www.adventurepulv.com.br\/site\/videos\/\" \/>\n<meta property=\"og:site_name\" content=\"Adventure Pulverizadores\" \/>\n<meta property=\"article:modified_time\" content=\"2017-10-02T13:20:14+00:00\" \/>\n<meta name=\"twitter:card\" content=\"summary_large_image\" \/>\n<meta name=\"twitter:label1\" content=\"Est. tempo de leitura\" \/>\n\t<meta name=\"twitter:data1\" content=\"4 minutos\" \/>\n<script type=\"application\/ld+json\" class=\"yoast-schema-graph\">{\"@context\":\"https:\/\/schema.org\",\"@graph\":[{\"@type\":\"WebPage\",\"@id\":\"https:\/\/www.adventurepulv.com.br\/site\/videos\/\",\"url\":\"https:\/\/www.adventurepulv.com.br\/site\/videos\/\",\"name\":\"V\u00eddeos - Adventure Pulverizadores\",\"isPartOf\":{\"@id\":\"https:\/\/www.adventurepulv.com.br\/site\/#website\"},\"datePublished\":\"2017-08-22T17:25:23+00:00\",\"dateModified\":\"2017-10-02T13:20:14+00:00\",\"breadcrumb\":{\"@id\":\"https:\/\/www.adventurepulv.com.br\/site\/videos\/#breadcrumb\"},\"inLanguage\":\"pt-BR\",\"potentialAction\":[{\"@type\":\"ReadAction\",\"target\":[\"https:\/\/www.adventurepulv.com.br\/site\/videos\/\"]}]},{\"@type\":\"BreadcrumbList\",\"@id\":\"https:\/\/www.adventurepulv.com.br\/site\/videos\/#breadcrumb\",\"itemListElement\":[{\"@type\":\"ListItem\",\"position\":1,\"name\":\"In\u00edcio\",\"item\":\"https:\/\/www.adventurepulv.com.br\/site\/\"},{\"@type\":\"ListItem\",\"position\":2,\"name\":\"V\u00eddeos\"}]},{\"@type\":\"WebSite\",\"@id\":\"https:\/\/www.adventurepulv.com.br\/site\/#website\",\"url\":\"https:\/\/www.adventurepulv.com.br\/site\/\",\"name\":\"Adventure Pulverizadores\",\"description\":\"\",\"publisher\":{\"@id\":\"https:\/\/www.adventurepulv.com.br\/site\/#organization\"},\"potentialAction\":[{\"@type\":\"SearchAction\",\"target\":{\"@type\":\"EntryPoint\",\"urlTemplate\":\"https:\/\/www.adventurepulv.com.br\/site\/?s={search_term_string}\"},\"query-input\":{\"@type\":\"PropertyValueSpecification\",\"valueRequired\":true,\"valueName\":\"search_term_string\"}}],\"inLanguage\":\"pt-BR\"},{\"@type\":\"Organization\",\"@id\":\"https:\/\/www.adventurepulv.com.br\/site\/#organization\",\"name\":\"Adventure Pulverizadores\",\"url\":\"https:\/\/www.adventurepulv.com.br\/site\/\",\"logo\":{\"@type\":\"ImageObject\",\"inLanguage\":\"pt-BR\",\"@id\":\"https:\/\/www.adventurepulv.com.br\/site\/#\/schema\/logo\/image\/\",\"url\":\"https:\/\/www.adventurepulv.com.br\/site\/wp-content\/uploads\/2025\/11\/logo-1.png\",\"contentUrl\":\"https:\/\/www.adventurepulv.com.br\/site\/wp-content\/uploads\/2025\/11\/logo-1.png\",\"width\":662,\"height\":130,\"caption\":\"Adventure Pulverizadores\"},\"image\":{\"@id\":\"https:\/\/www.adventurepulv.com.br\/site\/#\/schema\/logo\/image\/\"},\"sameAs\":[\"https:\/\/www.instagram.com\/adventurepulverizadoresoficial\/\"]}]}<\/script>\n<!-- \/ Yoast SEO plugin. -->","yoast_head_json":{"title":"V\u00eddeos - Adventure Pulverizadores","robots":{"index":"index","follow":"follow","max-snippet":"max-snippet:-1","max-image-preview":"max-image-preview:large","max-video-preview":"max-video-preview:-1"},"canonical":"https:\/\/www.adventurepulv.com.br\/site\/videos\/","og_locale":"pt_BR","og_type":"article","og_title":"V\u00eddeos - Adventure Pulverizadores","og_url":"https:\/\/www.adventurepulv.com.br\/site\/videos\/","og_site_name":"Adventure Pulverizadores","article_modified_time":"2017-10-02T13:20:14+00:00","twitter_card":"summary_large_image","twitter_misc":{"Est. tempo de leitura":"4 minutos"},"schema":{"@context":"https:\/\/schema.org","@graph":[{"@type":"WebPage","@id":"https:\/\/www.adventurepulv.com.br\/site\/videos\/","url":"https:\/\/www.adventurepulv.com.br\/site\/videos\/","name":"V\u00eddeos - Adventure Pulverizadores","isPartOf":{"@id":"https:\/\/www.adventurepulv.com.br\/site\/#website"},"datePublished":"2017-08-22T17:25:23+00:00","dateModified":"2017-10-02T13:20:14+00:00","breadcrumb":{"@id":"https:\/\/www.adventurepulv.com.br\/site\/videos\/#breadcrumb"},"inLanguage":"pt-BR","potentialAction":[{"@type":"ReadAction","target":["https:\/\/www.adventurepulv.com.br\/site\/videos\/"]}]},{"@type":"BreadcrumbList","@id":"https:\/\/www.adventurepulv.com.br\/site\/videos\/#breadcrumb","itemListElement":[{"@type":"ListItem","position":1,"name":"In\u00edcio","item":"https:\/\/www.adventurepulv.com.br\/site\/"},{"@type":"ListItem","position":2,"name":"V\u00eddeos"}]},{"@type":"WebSite","@id":"https:\/\/www.adventurepulv.com.br\/site\/#website","url":"https:\/\/www.adventurepulv.com.br\/site\/","name":"Adventure Pulverizadores","description":"","publisher":{"@id":"https:\/\/www.adventurepulv.com.br\/site\/#organization"},"potentialAction":[{"@type":"SearchAction","target":{"@type":"EntryPoint","urlTemplate":"https:\/\/www.adventurepulv.com.br\/site\/?s={search_term_string}"},"query-input":{"@type":"PropertyValueSpecification","valueRequired":true,"valueName":"search_term_string"}}],"inLanguage":"pt-BR"},{"@type":"Organization","@id":"https:\/\/www.adventurepulv.com.br\/site\/#organization","name":"Adventure Pulverizadores","url":"https:\/\/www.adventurepulv.com.br\/site\/","logo":{"@type":"ImageObject","inLanguage":"pt-BR","@id":"https:\/\/www.adventurepulv.com.br\/site\/#\/schema\/logo\/image\/","url":"https:\/\/www.adventurepulv.com.br\/site\/wp-content\/uploads\/2025\/11\/logo-1.png","contentUrl":"https:\/\/www.adventurepulv.com.br\/site\/wp-content\/uploads\/2025\/11\/logo-1.png","width":662,"height":130,"caption":"Adventure Pulverizadores"},"image":{"@id":"https:\/\/www.adventurepulv.com.br\/site\/#\/schema\/logo\/image\/"},"sameAs":["https:\/\/www.instagram.com\/adventurepulverizadoresoficial\/"]}]}},"_links":{"self":[{"href":"https:\/\/www.adventurepulv.com.br\/site\/wp-json\/wp\/v2\/pages\/4482","targetHints":{"allow":["GET"]}}],"collection":[{"href":"https:\/\/www.adventurepulv.com.br\/site\/wp-json\/wp\/v2\/pages"}],"about":[{"href":"https:\/\/www.adventurepulv.com.br\/site\/wp-json\/wp\/v2\/types\/page"}],"author":[{"embeddable":true,"href":"https:\/\/www.adventurepulv.com.br\/site\/wp-json\/wp\/v2\/users\/2"}],"replies":[{"embeddable":true,"href":"https:\/\/www.adventurepulv.com.br\/site\/wp-json\/wp\/v2\/comments?post=4482"}],"version-history":[{"count":0,"href":"https:\/\/www.adventurepulv.com.br\/site\/wp-json\/wp\/v2\/pages\/4482\/revisions"}],"wp:attachment":[{"href":"https:\/\/www.adventurepulv.com.br\/site\/wp-json\/wp\/v2\/media?parent=4482"}],"curies":[{"name":"wp","href":"https:\/\/api.w.org\/{rel}","templated":true}]}}