{"id":4171,"date":"2017-07-29T09:08:00","date_gmt":"2017-07-29T12:08:00","guid":{"rendered":"https:\/\/www.adventurepulv.com.br\/site\/?page_id=4171"},"modified":"2017-09-08T08:38:03","modified_gmt":"2017-09-08T11:38:03","slug":"empresa","status":"publish","type":"page","link":"https:\/\/www.adventurepulv.com.br\/site\/empresa\/","title":{"rendered":"Empresa"},"content":{"rendered":"<div class=\"flex_column av_one_full  flex_column_div av-zero-column-padding first  \" style='border-radius:0px; '><p><div style='height:50px' class='hr hr-invisible '><span class='hr-inner ' ><span class='hr-inner-style'><\/span><\/span><\/div><br \/>\n<section class=\"av_textblock_section\"  itemscope=\"itemscope\" itemtype=\"https:\/\/schema.org\/CreativeWork\" ><div class='avia_textblock  av_inherit_color'  style='color:#ed1c24; '  itemprop=\"text\" ><h1 style=\"text-align: center;\">Empresa<\/h1>\n<\/div><\/section><br \/>\n<section class=\"av_textblock_section\"  itemscope=\"itemscope\" itemtype=\"https:\/\/schema.org\/CreativeWork\" ><div class='avia_textblock '   itemprop=\"text\" ><p>A ADVENTURE pulverizadores \u00e9 uma empresa 100% brasileira, fundada em 2000 pelo Sr. Ismael Trindade Teixeira com o objetivo de produzir m\u00e1quinas e equipamentos de alta qualidade e de baixo custo para agricultura.<\/p>\n<p>Nossas principais linhas de produtos s\u00e3o os atomizadores de seringueira, pulverizadores de uva, caf\u00e9, soja, milho, algod\u00e3o e tomate, entre muitas outras que s\u00e3o distribu\u00eddos para todo territ\u00f3rio nacional, esta ind\u00fastria amiga do produtor est\u00e1 localizada na cidade de Valentim Gentil, interior de S\u00e3o Paulo, aproximadamente 550 km da capital.<\/p>\n<p>Anos e anos de pesquisa nos proporcionou um aperfei\u00e7oamento de toda a nossa linha de produtos agr\u00edcolas, adequando-se as necessidades de cada produtor promovendo a melhor qualidade e aproveitamento de sua cultura.<\/p>\n<p>A ADVENTURE pulverizadores trabalha junto com o produtor para solucionar, melhorar a produtividade, qualidade e o desenvolvimento de suas culturas. E \u00e9 seguindo essa filosofia que a ADVENTURE pulverizadores est\u00e1 a 14 anos no mercado com excelentes produtos para o amigo do campo.<\/p>\n<\/div><\/section><\/p><\/div>\n","protected":false},"excerpt":{"rendered":"","protected":false},"author":2,"featured_media":0,"parent":0,"menu_order":0,"comment_status":"closed","ping_status":"closed","template":"","meta":{"_joinchat":[],"footnotes":""},"class_list":["post-4171","page","type-page","status-publish","hentry"],"yoast_head":"<!-- This site is optimized with the Yoast SEO plugin v26.8 - https:\/\/yoast.com\/product\/yoast-seo-wordpress\/ -->\n<title>Empresa - Adventure Pulverizadores<\/title>\n<meta name=\"robots\" content=\"index, follow, max-snippet:-1, max-image-preview:large, max-video-preview:-1\" \/>\n<link rel=\"canonical\" href=\"https:\/\/www.adventurepulv.com.br\/site\/empresa\/\" \/>\n<meta property=\"og:locale\" content=\"pt_BR\" \/>\n<meta property=\"og:type\" content=\"article\" \/>\n<meta property=\"og:title\" content=\"Empresa - Adventure Pulverizadores\" \/>\n<meta property=\"og:url\" content=\"https:\/\/www.adventurepulv.com.br\/site\/empresa\/\" \/>\n<meta property=\"og:site_name\" content=\"Adventure Pulverizadores\" \/>\n<meta property=\"article:modified_time\" content=\"2017-09-08T11:38:03+00:00\" \/>\n<meta name=\"twitter:card\" content=\"summary_large_image\" \/>\n<meta name=\"twitter:label1\" content=\"Est. tempo de leitura\" \/>\n\t<meta name=\"twitter:data1\" content=\"2 minutos\" \/>\n<script type=\"application\/ld+json\" class=\"yoast-schema-graph\">{\"@context\":\"https:\/\/schema.org\",\"@graph\":[{\"@type\":\"WebPage\",\"@id\":\"https:\/\/www.adventurepulv.com.br\/site\/empresa\/\",\"url\":\"https:\/\/www.adventurepulv.com.br\/site\/empresa\/\",\"name\":\"Empresa - Adventure Pulverizadores\",\"isPartOf\":{\"@id\":\"https:\/\/www.adventurepulv.com.br\/site\/#website\"},\"datePublished\":\"2017-07-29T12:08:00+00:00\",\"dateModified\":\"2017-09-08T11:38:03+00:00\",\"breadcrumb\":{\"@id\":\"https:\/\/www.adventurepulv.com.br\/site\/empresa\/#breadcrumb\"},\"inLanguage\":\"pt-BR\",\"potentialAction\":[{\"@type\":\"ReadAction\",\"target\":[\"https:\/\/www.adventurepulv.com.br\/site\/empresa\/\"]}]},{\"@type\":\"BreadcrumbList\",\"@id\":\"https:\/\/www.adventurepulv.com.br\/site\/empresa\/#breadcrumb\",\"itemListElement\":[{\"@type\":\"ListItem\",\"position\":1,\"name\":\"In\u00edcio\",\"item\":\"https:\/\/www.adventurepulv.com.br\/site\/\"},{\"@type\":\"ListItem\",\"position\":2,\"name\":\"Empresa\"}]},{\"@type\":\"WebSite\",\"@id\":\"https:\/\/www.adventurepulv.com.br\/site\/#website\",\"url\":\"https:\/\/www.adventurepulv.com.br\/site\/\",\"name\":\"Adventure Pulverizadores\",\"description\":\"\",\"publisher\":{\"@id\":\"https:\/\/www.adventurepulv.com.br\/site\/#organization\"},\"potentialAction\":[{\"@type\":\"SearchAction\",\"target\":{\"@type\":\"EntryPoint\",\"urlTemplate\":\"https:\/\/www.adventurepulv.com.br\/site\/?s={search_term_string}\"},\"query-input\":{\"@type\":\"PropertyValueSpecification\",\"valueRequired\":true,\"valueName\":\"search_term_string\"}}],\"inLanguage\":\"pt-BR\"},{\"@type\":\"Organization\",\"@id\":\"https:\/\/www.adventurepulv.com.br\/site\/#organization\",\"name\":\"Adventure Pulverizadores\",\"url\":\"https:\/\/www.adventurepulv.com.br\/site\/\",\"logo\":{\"@type\":\"ImageObject\",\"inLanguage\":\"pt-BR\",\"@id\":\"https:\/\/www.adventurepulv.com.br\/site\/#\/schema\/logo\/image\/\",\"url\":\"https:\/\/www.adventurepulv.com.br\/site\/wp-content\/uploads\/2025\/11\/logo-1.png\",\"contentUrl\":\"https:\/\/www.adventurepulv.com.br\/site\/wp-content\/uploads\/2025\/11\/logo-1.png\",\"width\":662,\"height\":130,\"caption\":\"Adventure Pulverizadores\"},\"image\":{\"@id\":\"https:\/\/www.adventurepulv.com.br\/site\/#\/schema\/logo\/image\/\"},\"sameAs\":[\"https:\/\/www.instagram.com\/adventurepulverizadoresoficial\/\"]}]}<\/script>\n<!-- \/ Yoast SEO plugin. -->","yoast_head_json":{"title":"Empresa - Adventure Pulverizadores","robots":{"index":"index","follow":"follow","max-snippet":"max-snippet:-1","max-image-preview":"max-image-preview:large","max-video-preview":"max-video-preview:-1"},"canonical":"https:\/\/www.adventurepulv.com.br\/site\/empresa\/","og_locale":"pt_BR","og_type":"article","og_title":"Empresa - Adventure Pulverizadores","og_url":"https:\/\/www.adventurepulv.com.br\/site\/empresa\/","og_site_name":"Adventure Pulverizadores","article_modified_time":"2017-09-08T11:38:03+00:00","twitter_card":"summary_large_image","twitter_misc":{"Est. tempo de leitura":"2 minutos"},"schema":{"@context":"https:\/\/schema.org","@graph":[{"@type":"WebPage","@id":"https:\/\/www.adventurepulv.com.br\/site\/empresa\/","url":"https:\/\/www.adventurepulv.com.br\/site\/empresa\/","name":"Empresa - Adventure Pulverizadores","isPartOf":{"@id":"https:\/\/www.adventurepulv.com.br\/site\/#website"},"datePublished":"2017-07-29T12:08:00+00:00","dateModified":"2017-09-08T11:38:03+00:00","breadcrumb":{"@id":"https:\/\/www.adventurepulv.com.br\/site\/empresa\/#breadcrumb"},"inLanguage":"pt-BR","potentialAction":[{"@type":"ReadAction","target":["https:\/\/www.adventurepulv.com.br\/site\/empresa\/"]}]},{"@type":"BreadcrumbList","@id":"https:\/\/www.adventurepulv.com.br\/site\/empresa\/#breadcrumb","itemListElement":[{"@type":"ListItem","position":1,"name":"In\u00edcio","item":"https:\/\/www.adventurepulv.com.br\/site\/"},{"@type":"ListItem","position":2,"name":"Empresa"}]},{"@type":"WebSite","@id":"https:\/\/www.adventurepulv.com.br\/site\/#website","url":"https:\/\/www.adventurepulv.com.br\/site\/","name":"Adventure Pulverizadores","description":"","publisher":{"@id":"https:\/\/www.adventurepulv.com.br\/site\/#organization"},"potentialAction":[{"@type":"SearchAction","target":{"@type":"EntryPoint","urlTemplate":"https:\/\/www.adventurepulv.com.br\/site\/?s={search_term_string}"},"query-input":{"@type":"PropertyValueSpecification","valueRequired":true,"valueName":"search_term_string"}}],"inLanguage":"pt-BR"},{"@type":"Organization","@id":"https:\/\/www.adventurepulv.com.br\/site\/#organization","name":"Adventure Pulverizadores","url":"https:\/\/www.adventurepulv.com.br\/site\/","logo":{"@type":"ImageObject","inLanguage":"pt-BR","@id":"https:\/\/www.adventurepulv.com.br\/site\/#\/schema\/logo\/image\/","url":"https:\/\/www.adventurepulv.com.br\/site\/wp-content\/uploads\/2025\/11\/logo-1.png","contentUrl":"https:\/\/www.adventurepulv.com.br\/site\/wp-content\/uploads\/2025\/11\/logo-1.png","width":662,"height":130,"caption":"Adventure Pulverizadores"},"image":{"@id":"https:\/\/www.adventurepulv.com.br\/site\/#\/schema\/logo\/image\/"},"sameAs":["https:\/\/www.instagram.com\/adventurepulverizadoresoficial\/"]}]}},"_links":{"self":[{"href":"https:\/\/www.adventurepulv.com.br\/site\/wp-json\/wp\/v2\/pages\/4171","targetHints":{"allow":["GET"]}}],"collection":[{"href":"https:\/\/www.adventurepulv.com.br\/site\/wp-json\/wp\/v2\/pages"}],"about":[{"href":"https:\/\/www.adventurepulv.com.br\/site\/wp-json\/wp\/v2\/types\/page"}],"author":[{"embeddable":true,"href":"https:\/\/www.adventurepulv.com.br\/site\/wp-json\/wp\/v2\/users\/2"}],"replies":[{"embeddable":true,"href":"https:\/\/www.adventurepulv.com.br\/site\/wp-json\/wp\/v2\/comments?post=4171"}],"version-history":[{"count":0,"href":"https:\/\/www.adventurepulv.com.br\/site\/wp-json\/wp\/v2\/pages\/4171\/revisions"}],"wp:attachment":[{"href":"https:\/\/www.adventurepulv.com.br\/site\/wp-json\/wp\/v2\/media?parent=4171"}],"curies":[{"name":"wp","href":"https:\/\/api.w.org\/{rel}","templated":true}]}}